{"id":2045,"date":"2025-04-23T09:11:38","date_gmt":"2025-04-23T07:11:38","guid":{"rendered":"https:\/\/centrecenit.com\/para-quien\/"},"modified":"2025-11-17T11:16:10","modified_gmt":"2025-11-17T10:16:10","slug":"para-quien","status":"publish","type":"page","link":"https:\/\/centrecenit.com\/es\/para-quien\/","title":{"rendered":"Para Quien"},"content":{"rendered":"\t\t<div data-elementor-type=\"wp-page\" data-elementor-id=\"2045\" class=\"elementor elementor-2045 elementor-1837\" data-elementor-post-type=\"page\">\n\t\t\t\t\t\t<section class=\"elementor-section elementor-top-section elementor-element elementor-element-ac03abd elementor-section-full_width elementor-section-height-default elementor-section-height-default\" data-id=\"ac03abd\" data-element_type=\"section\" data-e-type=\"section\">\n\t\t\t\t\t\t<div class=\"elementor-container elementor-column-gap-no\">\n\t\t\t\t\t<div class=\"elementor-column elementor-col-100 elementor-top-column elementor-element elementor-element-7958987\" data-id=\"7958987\" data-element_type=\"column\" data-e-type=\"column\">\n\t\t\t<div class=\"elementor-widget-wrap elementor-element-populated\">\n\t\t\t\t\t\t<section class=\"elementor-section elementor-inner-section elementor-element elementor-element-bbc7e8d elementor-section-full_width elementor-section-height-default elementor-section-height-default\" data-id=\"bbc7e8d\" data-element_type=\"section\" data-e-type=\"section\">\n\t\t\t\t\t\t<div class=\"elementor-container elementor-column-gap-default\">\n\t\t\t\t\t<div class=\"elementor-column elementor-col-50 elementor-inner-column elementor-element elementor-element-7ccac97\" data-id=\"7ccac97\" data-element_type=\"column\" data-e-type=\"column\" data-settings=\"{&quot;motion_fx_motion_fx_scrolling&quot;:&quot;yes&quot;,&quot;motion_fx_translateY_effect&quot;:&quot;yes&quot;,&quot;motion_fx_translateY_speed&quot;:{&quot;unit&quot;:&quot;px&quot;,&quot;size&quot;:0.5,&quot;sizes&quot;:[]},&quot;motion_fx_translateY_affectedRange&quot;:{&quot;unit&quot;:&quot;%&quot;,&quot;size&quot;:&quot;&quot;,&quot;sizes&quot;:{&quot;start&quot;:0,&quot;end&quot;:100}},&quot;motion_fx_devices&quot;:[&quot;desktop&quot;,&quot;tablet&quot;,&quot;mobile&quot;]}\">\n\t\t\t<div class=\"elementor-widget-wrap elementor-element-populated\">\n\t\t\t\t\t\t<div class=\"elementor-element elementor-element-f0647c6 elementor-widget elementor-widget-heading\" data-id=\"f0647c6\" data-element_type=\"widget\" data-e-type=\"widget\" data-widget_type=\"heading.default\">\n\t\t\t\t<div class=\"elementor-widget-container\">\n\t\t\t\t\t<h1 class=\"elementor-heading-title elementor-size-default\">PARA QUIEN<\/h1>\t\t\t\t<\/div>\n\t\t\t\t<\/div>\n\t\t\t\t<div class=\"elementor-element elementor-element-a417c45 elementor-widget elementor-widget-text-editor\" data-id=\"a417c45\" data-element_type=\"widget\" data-e-type=\"widget\" data-settings=\"{&quot;motion_fx_motion_fx_scrolling&quot;:&quot;yes&quot;,&quot;motion_fx_devices&quot;:[&quot;desktop&quot;,&quot;tablet&quot;]}\" data-widget_type=\"text-editor.default\">\n\t\t\t\t<div class=\"elementor-widget-container\">\n\t\t\t\t\t\t\t\t\t<h2><strong>CENTRO CENIDO<br><\/strong> <strong>PARA TODOS<\/strong><br> ATENCI\u00d3N PERSONALIZADA<\/h2>\t\t\t\t\t\t\t\t<\/div>\n\t\t\t\t<\/div>\n\t\t\t\t<div class=\"elementor-element elementor-element-5410680 elementor-widget elementor-widget-text-editor\" data-id=\"5410680\" data-element_type=\"widget\" data-e-type=\"widget\" data-settings=\"{&quot;motion_fx_motion_fx_scrolling&quot;:&quot;yes&quot;,&quot;motion_fx_opacity_effect&quot;:&quot;yes&quot;,&quot;motion_fx_opacity_range&quot;:{&quot;unit&quot;:&quot;%&quot;,&quot;size&quot;:&quot;&quot;,&quot;sizes&quot;:{&quot;start&quot;:10,&quot;end&quot;:40}},&quot;motion_fx_opacity_direction&quot;:&quot;out-in&quot;,&quot;motion_fx_opacity_level&quot;:{&quot;unit&quot;:&quot;px&quot;,&quot;size&quot;:10,&quot;sizes&quot;:[]},&quot;motion_fx_devices&quot;:[&quot;desktop&quot;,&quot;tablet&quot;,&quot;mobile&quot;]}\" data-widget_type=\"text-editor.default\">\n\t\t\t\t<div class=\"elementor-widget-container\">\n\t\t\t\t\t\t\t\t\t<p>Nos definimos como un espacio abierto a todos, desde deportistas internacionales de \u00e9lite que buscan el m\u00e1ximo rendimiento hasta los usuarios que quieren optimizar su entrenamiento o resultados. Tambi\u00e9n tenemos en cuenta a los preparadores f\u00edsicos, entrenadores, clubs, equipos&#8230; que buscan soporte profesional <\/p>\t\t\t\t\t\t\t\t<\/div>\n\t\t\t\t<\/div>\n\t\t\t\t<div class=\"elementor-element elementor-element-3b32059 elementor-mobile-align-justify elementor-widget elementor-widget-button\" data-id=\"3b32059\" data-element_type=\"widget\" data-e-type=\"widget\" data-settings=\"{&quot;motion_fx_motion_fx_scrolling&quot;:&quot;yes&quot;,&quot;motion_fx_opacity_effect&quot;:&quot;yes&quot;,&quot;motion_fx_opacity_range&quot;:{&quot;unit&quot;:&quot;%&quot;,&quot;size&quot;:&quot;&quot;,&quot;sizes&quot;:{&quot;start&quot;:10,&quot;end&quot;:30}},&quot;motion_fx_opacity_direction&quot;:&quot;out-in&quot;,&quot;motion_fx_opacity_level&quot;:{&quot;unit&quot;:&quot;px&quot;,&quot;size&quot;:10,&quot;sizes&quot;:[]},&quot;motion_fx_devices&quot;:[&quot;desktop&quot;,&quot;tablet&quot;,&quot;mobile&quot;]}\" data-widget_type=\"button.default\">\n\t\t\t\t<div class=\"elementor-widget-container\">\n\t\t\t\t\t\t\t\t\t<div class=\"elementor-button-wrapper\">\n\t\t\t\t\t<a class=\"elementor-button elementor-button-link elementor-size-sm\" href=\"https:\/\/centrecenit.com\/es\/el-centro\/\">\n\t\t\t\t\t\t<span class=\"elementor-button-content-wrapper\">\n\t\t\t\t\t\t\t\t\t<span class=\"elementor-button-text\">DESCUBRE EL CENTRO<\/span>\n\t\t\t\t\t<\/span>\n\t\t\t\t\t<\/a>\n\t\t\t\t<\/div>\n\t\t\t\t\t\t\t\t<\/div>\n\t\t\t\t<\/div>\n\t\t\t\t<div class=\"elementor-element elementor-element-e415f31 elementor-widget elementor-widget-spacer\" data-id=\"e415f31\" data-element_type=\"widget\" data-e-type=\"widget\" data-widget_type=\"spacer.default\">\n\t\t\t\t<div class=\"elementor-widget-container\">\n\t\t\t\t\t\t\t<div class=\"elementor-spacer\">\n\t\t\t<div class=\"elementor-spacer-inner\"><\/div>\n\t\t<\/div>\n\t\t\t\t\t\t<\/div>\n\t\t\t\t<\/div>\n\t\t\t\t\t<\/div>\n\t\t<\/div>\n\t\t\t\t<div class=\"elementor-column elementor-col-50 elementor-inner-column elementor-element elementor-element-458d953\" data-id=\"458d953\" data-element_type=\"column\" data-e-type=\"column\" data-settings=\"{&quot;background_background&quot;:&quot;classic&quot;,&quot;motion_fx_motion_fx_scrolling&quot;:&quot;yes&quot;,&quot;motion_fx_translateY_effect&quot;:&quot;yes&quot;,&quot;motion_fx_translateY_direction&quot;:&quot;negative&quot;,&quot;motion_fx_translateY_speed&quot;:{&quot;unit&quot;:&quot;px&quot;,&quot;size&quot;:2.5,&quot;sizes&quot;:[]},&quot;motion_fx_translateY_affectedRange&quot;:{&quot;unit&quot;:&quot;%&quot;,&quot;size&quot;:&quot;&quot;,&quot;sizes&quot;:{&quot;start&quot;:50,&quot;end&quot;:100}},&quot;motion_fx_devices&quot;:[&quot;desktop&quot;,&quot;tablet&quot;]}\">\n\t\t\t<div class=\"elementor-widget-wrap elementor-element-populated\">\n\t\t\t\t\t<div class=\"elementor-background-overlay\"><\/div>\n\t\t\t\t\t\t<div class=\"elementor-element elementor-element-c5db1ec elementor-widget elementor-widget-text-editor\" data-id=\"c5db1ec\" data-element_type=\"widget\" data-e-type=\"widget\" data-settings=\"{&quot;motion_fx_motion_fx_scrolling&quot;:&quot;yes&quot;,&quot;motion_fx_translateX_effect&quot;:&quot;yes&quot;,&quot;motion_fx_translateX_speed&quot;:{&quot;unit&quot;:&quot;px&quot;,&quot;size&quot;:1,&quot;sizes&quot;:[]},&quot;motion_fx_translateX_affectedRange&quot;:{&quot;unit&quot;:&quot;%&quot;,&quot;size&quot;:&quot;&quot;,&quot;sizes&quot;:{&quot;start&quot;:0,&quot;end&quot;:50}},&quot;motion_fx_translateX_direction&quot;:&quot;negative&quot;,&quot;motion_fx_devices&quot;:[&quot;desktop&quot;,&quot;tablet&quot;,&quot;mobile&quot;]}\" data-widget_type=\"text-editor.default\">\n\t\t\t\t<div class=\"elementor-widget-container\">\n\t\t\t\t\t\t\t\t\t<p>LLEVAMOS TUS<br> <strong>OBJETIVOS M\u00c1S ALL\u00c1<\/strong><\/p>\t\t\t\t\t\t\t\t<\/div>\n\t\t\t\t<\/div>\n\t\t\t\t\t<\/div>\n\t\t<\/div>\n\t\t\t\t\t<\/div>\n\t\t<\/section>\n\t\t\t\t\t<\/div>\n\t\t<\/div>\n\t\t\t\t\t<\/div>\n\t\t<\/section>\n\t\t\t\t<\/div>\n\t\t","protected":false},"excerpt":{"rendered":"<p>PARA QUIEN CENTRO CENIDO PARA TODOS ATENCI\u00d3N PERSONALIZADA Nos definimos como un espacio abierto a todos, desde deportistas internacionales de \u00e9lite que buscan el m\u00e1ximo rendimiento hasta los usuarios que quieren optimizar su entrenamiento o resultados. Tambi\u00e9n tenemos en cuenta a los preparadores f\u00edsicos, entrenadores, clubs, equipos&#8230; que buscan soporte profesional DESCUBRE EL CENTRO LLEVAMOS [&hellip;]<\/p>\n","protected":false},"author":1,"featured_media":694,"parent":0,"menu_order":0,"comment_status":"closed","ping_status":"closed","template":"elementor_header_footer","meta":{"footnotes":""},"class_list":["post-2045","page","type-page","status-publish","has-post-thumbnail","hentry"],"yoast_head":"<!-- This site is optimized with the Yoast SEO plugin v25.2 - https:\/\/yoast.com\/wordpress\/plugins\/seo\/ -->\n<title>Centro de Rendimiento Deportivo para Todos - Centre Cenit Girona<\/title>\n<meta name=\"description\" content=\"Centro de rendimiento deportivo para todos en Girona. Atenci\u00f3n personalizada por deportistas, clubs y entrenadores.\" \/>\n<meta name=\"robots\" content=\"index, follow, max-snippet:-1, max-image-preview:large, max-video-preview:-1\" \/>\n<link rel=\"canonical\" href=\"https:\/\/centrecenit.com\/es\/para-quien\/\" \/>\n<meta property=\"og:locale\" content=\"es_ES\" \/>\n<meta property=\"og:type\" content=\"article\" \/>\n<meta property=\"og:title\" content=\"Centro de Rendimiento Deportivo para Todos - Centre Cenit Girona\" \/>\n<meta property=\"og:description\" content=\"Centro de rendimiento deportivo para todos en Girona. Atenci\u00f3n personalizada por deportistas, clubs y entrenadores.\" \/>\n<meta property=\"og:url\" content=\"https:\/\/centrecenit.com\/es\/para-quien\/\" \/>\n<meta property=\"og:site_name\" content=\"Centre Cenit\" \/>\n<meta property=\"article:modified_time\" content=\"2025-11-17T10:16:10+00:00\" \/>\n<meta property=\"og:image\" content=\"https:\/\/centrecenit.com\/wp-content\/uploads\/2023\/02\/centre-cenit-favicon.png\" \/>\n\t<meta property=\"og:image:width\" content=\"721\" \/>\n\t<meta property=\"og:image:height\" content=\"721\" \/>\n\t<meta property=\"og:image:type\" content=\"image\/png\" \/>\n<meta name=\"twitter:card\" content=\"summary_large_image\" \/>\n<script type=\"application\/ld+json\" class=\"yoast-schema-graph\">{\"@context\":\"https:\/\/schema.org\",\"@graph\":[{\"@type\":\"WebPage\",\"@id\":\"https:\/\/centrecenit.com\/es\/para-quien\/\",\"url\":\"https:\/\/centrecenit.com\/es\/para-quien\/\",\"name\":\"Centro de Rendimiento Deportivo para Todos - Centre Cenit Girona\",\"isPartOf\":{\"@id\":\"https:\/\/centrecenit.com\/es\/#website\"},\"primaryImageOfPage\":{\"@id\":\"https:\/\/centrecenit.com\/es\/para-quien\/#primaryimage\"},\"image\":{\"@id\":\"https:\/\/centrecenit.com\/es\/para-quien\/#primaryimage\"},\"thumbnailUrl\":\"https:\/\/centrecenit.com\/wp-content\/uploads\/2023\/02\/centre-cenit-favicon.png\",\"datePublished\":\"2025-04-23T07:11:38+00:00\",\"dateModified\":\"2025-11-17T10:16:10+00:00\",\"description\":\"Centro de rendimiento deportivo para todos en Girona. Atenci\u00f3n personalizada por deportistas, clubs y entrenadores.\",\"breadcrumb\":{\"@id\":\"https:\/\/centrecenit.com\/es\/para-quien\/#breadcrumb\"},\"inLanguage\":\"es\",\"potentialAction\":[{\"@type\":\"ReadAction\",\"target\":[\"https:\/\/centrecenit.com\/es\/para-quien\/\"]}]},{\"@type\":\"ImageObject\",\"inLanguage\":\"es\",\"@id\":\"https:\/\/centrecenit.com\/es\/para-quien\/#primaryimage\",\"url\":\"https:\/\/centrecenit.com\/wp-content\/uploads\/2023\/02\/centre-cenit-favicon.png\",\"contentUrl\":\"https:\/\/centrecenit.com\/wp-content\/uploads\/2023\/02\/centre-cenit-favicon.png\",\"width\":721,\"height\":721,\"caption\":\"Logotip blau\"},{\"@type\":\"BreadcrumbList\",\"@id\":\"https:\/\/centrecenit.com\/es\/para-quien\/#breadcrumb\",\"itemListElement\":[{\"@type\":\"ListItem\",\"position\":1,\"name\":\"Inici\",\"item\":\"https:\/\/centrecenit.com\/es\/centre-cenit\/\"},{\"@type\":\"ListItem\",\"position\":2,\"name\":\"Para Quien\"}]},{\"@type\":\"WebSite\",\"@id\":\"https:\/\/centrecenit.com\/es\/#website\",\"url\":\"https:\/\/centrecenit.com\/es\/\",\"name\":\"Centre Cenit. Atenci\u00f3 integral de l'esport i la salut\",\"description\":\"Atenci\u00f3n integral de la salud y del deporte\",\"publisher\":{\"@id\":\"https:\/\/centrecenit.com\/es\/#organization\"},\"potentialAction\":[{\"@type\":\"SearchAction\",\"target\":{\"@type\":\"EntryPoint\",\"urlTemplate\":\"https:\/\/centrecenit.com\/es\/?s={search_term_string}\"},\"query-input\":{\"@type\":\"PropertyValueSpecification\",\"valueRequired\":true,\"valueName\":\"search_term_string\"}}],\"inLanguage\":\"es\"},{\"@type\":\"Organization\",\"@id\":\"https:\/\/centrecenit.com\/es\/#organization\",\"name\":\"Centre Cenit. Atenci\u00f3 integral de l'esport i la salut\",\"url\":\"https:\/\/centrecenit.com\/es\/\",\"logo\":{\"@type\":\"ImageObject\",\"inLanguage\":\"es\",\"@id\":\"https:\/\/centrecenit.com\/es\/#\/schema\/logo\/image\/\",\"url\":\"https:\/\/centrecenit.com\/wp-content\/uploads\/2023\/02\/centre-cenit-favicon.png\",\"contentUrl\":\"https:\/\/centrecenit.com\/wp-content\/uploads\/2023\/02\/centre-cenit-favicon.png\",\"width\":721,\"height\":721,\"caption\":\"Centre Cenit. Atenci\u00f3 integral de l'esport i la salut\"},\"image\":{\"@id\":\"https:\/\/centrecenit.com\/es\/#\/schema\/logo\/image\/\"},\"sameAs\":[\"https:\/\/www.instagram.com\/centrecenit\/?hl=es\"]}]}<\/script>\n<!-- \/ Yoast SEO plugin. -->","yoast_head_json":{"title":"Centro de Rendimiento Deportivo para Todos - Centre Cenit Girona","description":"Centro de rendimiento deportivo para todos en Girona. Atenci\u00f3n personalizada por deportistas, clubs y entrenadores.","robots":{"index":"index","follow":"follow","max-snippet":"max-snippet:-1","max-image-preview":"max-image-preview:large","max-video-preview":"max-video-preview:-1"},"canonical":"https:\/\/centrecenit.com\/es\/para-quien\/","og_locale":"es_ES","og_type":"article","og_title":"Centro de Rendimiento Deportivo para Todos - Centre Cenit Girona","og_description":"Centro de rendimiento deportivo para todos en Girona. Atenci\u00f3n personalizada por deportistas, clubs y entrenadores.","og_url":"https:\/\/centrecenit.com\/es\/para-quien\/","og_site_name":"Centre Cenit","article_modified_time":"2025-11-17T10:16:10+00:00","og_image":[{"width":721,"height":721,"url":"https:\/\/centrecenit.com\/wp-content\/uploads\/2023\/02\/centre-cenit-favicon.png","type":"image\/png"}],"twitter_card":"summary_large_image","schema":{"@context":"https:\/\/schema.org","@graph":[{"@type":"WebPage","@id":"https:\/\/centrecenit.com\/es\/para-quien\/","url":"https:\/\/centrecenit.com\/es\/para-quien\/","name":"Centro de Rendimiento Deportivo para Todos - Centre Cenit Girona","isPartOf":{"@id":"https:\/\/centrecenit.com\/es\/#website"},"primaryImageOfPage":{"@id":"https:\/\/centrecenit.com\/es\/para-quien\/#primaryimage"},"image":{"@id":"https:\/\/centrecenit.com\/es\/para-quien\/#primaryimage"},"thumbnailUrl":"https:\/\/centrecenit.com\/wp-content\/uploads\/2023\/02\/centre-cenit-favicon.png","datePublished":"2025-04-23T07:11:38+00:00","dateModified":"2025-11-17T10:16:10+00:00","description":"Centro de rendimiento deportivo para todos en Girona. Atenci\u00f3n personalizada por deportistas, clubs y entrenadores.","breadcrumb":{"@id":"https:\/\/centrecenit.com\/es\/para-quien\/#breadcrumb"},"inLanguage":"es","potentialAction":[{"@type":"ReadAction","target":["https:\/\/centrecenit.com\/es\/para-quien\/"]}]},{"@type":"ImageObject","inLanguage":"es","@id":"https:\/\/centrecenit.com\/es\/para-quien\/#primaryimage","url":"https:\/\/centrecenit.com\/wp-content\/uploads\/2023\/02\/centre-cenit-favicon.png","contentUrl":"https:\/\/centrecenit.com\/wp-content\/uploads\/2023\/02\/centre-cenit-favicon.png","width":721,"height":721,"caption":"Logotip blau"},{"@type":"BreadcrumbList","@id":"https:\/\/centrecenit.com\/es\/para-quien\/#breadcrumb","itemListElement":[{"@type":"ListItem","position":1,"name":"Inici","item":"https:\/\/centrecenit.com\/es\/centre-cenit\/"},{"@type":"ListItem","position":2,"name":"Para Quien"}]},{"@type":"WebSite","@id":"https:\/\/centrecenit.com\/es\/#website","url":"https:\/\/centrecenit.com\/es\/","name":"Centre Cenit. Atenci\u00f3 integral de l'esport i la salut","description":"Atenci\u00f3n integral de la salud y del deporte","publisher":{"@id":"https:\/\/centrecenit.com\/es\/#organization"},"potentialAction":[{"@type":"SearchAction","target":{"@type":"EntryPoint","urlTemplate":"https:\/\/centrecenit.com\/es\/?s={search_term_string}"},"query-input":{"@type":"PropertyValueSpecification","valueRequired":true,"valueName":"search_term_string"}}],"inLanguage":"es"},{"@type":"Organization","@id":"https:\/\/centrecenit.com\/es\/#organization","name":"Centre Cenit. Atenci\u00f3 integral de l'esport i la salut","url":"https:\/\/centrecenit.com\/es\/","logo":{"@type":"ImageObject","inLanguage":"es","@id":"https:\/\/centrecenit.com\/es\/#\/schema\/logo\/image\/","url":"https:\/\/centrecenit.com\/wp-content\/uploads\/2023\/02\/centre-cenit-favicon.png","contentUrl":"https:\/\/centrecenit.com\/wp-content\/uploads\/2023\/02\/centre-cenit-favicon.png","width":721,"height":721,"caption":"Centre Cenit. Atenci\u00f3 integral de l'esport i la salut"},"image":{"@id":"https:\/\/centrecenit.com\/es\/#\/schema\/logo\/image\/"},"sameAs":["https:\/\/www.instagram.com\/centrecenit\/?hl=es"]}]}},"_links":{"self":[{"href":"https:\/\/centrecenit.com\/es\/wp-json\/wp\/v2\/pages\/2045","targetHints":{"allow":["GET"]}}],"collection":[{"href":"https:\/\/centrecenit.com\/es\/wp-json\/wp\/v2\/pages"}],"about":[{"href":"https:\/\/centrecenit.com\/es\/wp-json\/wp\/v2\/types\/page"}],"author":[{"embeddable":true,"href":"https:\/\/centrecenit.com\/es\/wp-json\/wp\/v2\/users\/1"}],"replies":[{"embeddable":true,"href":"https:\/\/centrecenit.com\/es\/wp-json\/wp\/v2\/comments?post=2045"}],"version-history":[{"count":5,"href":"https:\/\/centrecenit.com\/es\/wp-json\/wp\/v2\/pages\/2045\/revisions"}],"predecessor-version":[{"id":2547,"href":"https:\/\/centrecenit.com\/es\/wp-json\/wp\/v2\/pages\/2045\/revisions\/2547"}],"wp:featuredmedia":[{"embeddable":true,"href":"https:\/\/centrecenit.com\/es\/wp-json\/wp\/v2\/media\/694"}],"wp:attachment":[{"href":"https:\/\/centrecenit.com\/es\/wp-json\/wp\/v2\/media?parent=2045"}],"curies":[{"name":"wp","href":"https:\/\/api.w.org\/{rel}","templated":true}]}}