{"id":2044,"date":"2025-04-23T09:25:41","date_gmt":"2025-04-23T07:25:41","guid":{"rendered":"https:\/\/centrecenit.com\/facilities\/"},"modified":"2025-06-10T12:04:29","modified_gmt":"2025-06-10T10:04:29","slug":"facilities","status":"publish","type":"page","link":"https:\/\/centrecenit.com\/en\/facilities\/","title":{"rendered":"Facilities"},"content":{"rendered":"\t\t<div data-elementor-type=\"wp-page\" data-elementor-id=\"2044\" class=\"elementor elementor-2044\" data-elementor-post-type=\"page\">\n\t\t\t\t\t\t<section class=\"elementor-section elementor-top-section elementor-element elementor-element-d4ef60a elementor-section-full_width elementor-section-height-default elementor-section-height-default\" data-id=\"d4ef60a\" data-element_type=\"section\" data-e-type=\"section\">\n\t\t\t\t\t\t<div class=\"elementor-container elementor-column-gap-no\">\n\t\t\t\t\t<div class=\"elementor-column elementor-col-100 elementor-top-column elementor-element elementor-element-f5be134\" data-id=\"f5be134\" data-element_type=\"column\" data-e-type=\"column\">\n\t\t\t<div class=\"elementor-widget-wrap elementor-element-populated\">\n\t\t\t\t\t\t<section class=\"elementor-section elementor-inner-section elementor-element elementor-element-e3ae558 elementor-section-full_width elementor-section-height-default elementor-section-height-default\" data-id=\"e3ae558\" data-element_type=\"section\" data-e-type=\"section\">\n\t\t\t\t\t\t<div class=\"elementor-container elementor-column-gap-default\">\n\t\t\t\t\t<div class=\"elementor-column elementor-col-50 elementor-inner-column elementor-element elementor-element-eb1a2bf\" data-id=\"eb1a2bf\" data-element_type=\"column\" data-e-type=\"column\" data-settings=\"{&quot;motion_fx_motion_fx_scrolling&quot;:&quot;yes&quot;,&quot;motion_fx_translateY_effect&quot;:&quot;yes&quot;,&quot;motion_fx_translateY_speed&quot;:{&quot;unit&quot;:&quot;px&quot;,&quot;size&quot;:0.5,&quot;sizes&quot;:[]},&quot;motion_fx_translateY_affectedRange&quot;:{&quot;unit&quot;:&quot;%&quot;,&quot;size&quot;:&quot;&quot;,&quot;sizes&quot;:{&quot;start&quot;:0,&quot;end&quot;:100}},&quot;motion_fx_devices&quot;:[&quot;desktop&quot;,&quot;tablet&quot;,&quot;mobile&quot;]}\">\n\t\t\t<div class=\"elementor-widget-wrap elementor-element-populated\">\n\t\t\t\t\t\t<div class=\"elementor-element elementor-element-2127285 elementor-widget elementor-widget-heading\" data-id=\"2127285\" data-element_type=\"widget\" data-e-type=\"widget\" data-widget_type=\"heading.default\">\n\t\t\t\t<div class=\"elementor-widget-container\">\n\t\t\t\t\t<h2 class=\"elementor-heading-title elementor-size-default\">INSTALLATIONS<\/h2>\t\t\t\t<\/div>\n\t\t\t\t<\/div>\n\t\t\t\t<div class=\"elementor-element elementor-element-c92e980 elementor-hidden-mobile elementor-widget elementor-widget-spacer\" data-id=\"c92e980\" data-element_type=\"widget\" data-e-type=\"widget\" data-widget_type=\"spacer.default\">\n\t\t\t\t<div class=\"elementor-widget-container\">\n\t\t\t\t\t\t\t<div class=\"elementor-spacer\">\n\t\t\t<div class=\"elementor-spacer-inner\"><\/div>\n\t\t<\/div>\n\t\t\t\t\t\t<\/div>\n\t\t\t\t<\/div>\n\t\t\t\t\t<\/div>\n\t\t<\/div>\n\t\t\t\t<div class=\"elementor-column elementor-col-50 elementor-inner-column elementor-element elementor-element-564a637\" data-id=\"564a637\" data-element_type=\"column\" data-e-type=\"column\">\n\t\t\t<div class=\"elementor-widget-wrap elementor-element-populated\">\n\t\t\t\t\t\t<div class=\"elementor-element elementor-element-b870164 elementor-widget elementor-widget-text-editor\" data-id=\"b870164\" data-element_type=\"widget\" data-e-type=\"widget\" data-widget_type=\"text-editor.default\">\n\t\t\t\t<div class=\"elementor-widget-container\">\n\t\t\t\t\t\t\t\t\t<p>CENIT GIRONA is a sports performance and comprehensive health center founded by Mart\u00ed Castell\u00f3 and directed by Sebasti\u00e1n Fidalgo. Our main objective is to <strong>provide advice and study on health and sports from a global and personalized perspective<\/strong> ; providing a direct response to the specific needs (physiological, nutritional, training, etc.) of each person. We have created the ideal place to evaluate and guide athletes of any level, whatever their goal.  <\/p>\t\t\t\t\t\t\t\t<\/div>\n\t\t\t\t<\/div>\n\t\t\t\t\t<\/div>\n\t\t<\/div>\n\t\t\t\t\t<\/div>\n\t\t<\/section>\n\t\t\t\t\t<\/div>\n\t\t<\/div>\n\t\t\t\t\t<\/div>\n\t\t<\/section>\n\t\t\t\t<section class=\"elementor-section elementor-top-section elementor-element elementor-element-0ba27d9 elementor-section-boxed elementor-section-height-default elementor-section-height-default\" data-id=\"0ba27d9\" data-element_type=\"section\" data-e-type=\"section\">\n\t\t\t\t\t\t<div class=\"elementor-container elementor-column-gap-default\">\n\t\t\t\t\t<div class=\"elementor-column elementor-col-100 elementor-top-column elementor-element elementor-element-9ac217d\" data-id=\"9ac217d\" data-element_type=\"column\" data-e-type=\"column\">\n\t\t\t<div class=\"elementor-widget-wrap elementor-element-populated\">\n\t\t\t\t\t\t<div class=\"elementor-element elementor-element-cbde8cb elementor-widget elementor-widget-spacer\" data-id=\"cbde8cb\" data-element_type=\"widget\" data-e-type=\"widget\" data-widget_type=\"spacer.default\">\n\t\t\t\t<div class=\"elementor-widget-container\">\n\t\t\t\t\t\t\t<div class=\"elementor-spacer\">\n\t\t\t<div class=\"elementor-spacer-inner\"><\/div>\n\t\t<\/div>\n\t\t\t\t\t\t<\/div>\n\t\t\t\t<\/div>\n\t\t\t\t\t<\/div>\n\t\t<\/div>\n\t\t\t\t\t<\/div>\n\t\t<\/section>\n\t\t\t\t<section class=\"elementor-section elementor-top-section elementor-element elementor-element-84d0d06 elementor-section-full_width elementor-section-height-default elementor-section-height-default\" data-id=\"84d0d06\" data-element_type=\"section\" data-e-type=\"section\" data-settings=\"{&quot;motion_fx_motion_fx_scrolling&quot;:&quot;yes&quot;,&quot;motion_fx_translateX_effect&quot;:&quot;yes&quot;,&quot;motion_fx_translateX_speed&quot;:{&quot;unit&quot;:&quot;px&quot;,&quot;size&quot;:2,&quot;sizes&quot;:[]},&quot;motion_fx_translateX_affectedRange&quot;:{&quot;unit&quot;:&quot;%&quot;,&quot;size&quot;:&quot;&quot;,&quot;sizes&quot;:{&quot;start&quot;:0,&quot;end&quot;:50}},&quot;motion_fx_devices&quot;:[&quot;desktop&quot;,&quot;tablet&quot;]}\">\n\t\t\t\t\t\t<div class=\"elementor-container elementor-column-gap-no\">\n\t\t\t\t\t<div class=\"elementor-column elementor-col-100 elementor-top-column elementor-element elementor-element-4459c37\" data-id=\"4459c37\" data-element_type=\"column\" data-e-type=\"column\">\n\t\t\t<div class=\"elementor-widget-wrap elementor-element-populated\">\n\t\t\t\t\t\t<div class=\"elementor-element elementor-element-3b5e31f elementor-widget elementor-widget-gallery\" data-id=\"3b5e31f\" data-element_type=\"widget\" data-e-type=\"widget\" data-settings=\"{&quot;gap&quot;:{&quot;unit&quot;:&quot;px&quot;,&quot;size&quot;:2,&quot;sizes&quot;:[]},&quot;gap_mobile&quot;:{&quot;unit&quot;:&quot;px&quot;,&quot;size&quot;:2,&quot;sizes&quot;:[]},&quot;lazyload&quot;:&quot;yes&quot;,&quot;gallery_layout&quot;:&quot;grid&quot;,&quot;columns&quot;:4,&quot;columns_tablet&quot;:2,&quot;columns_mobile&quot;:1,&quot;gap_tablet&quot;:{&quot;unit&quot;:&quot;px&quot;,&quot;size&quot;:10,&quot;sizes&quot;:[]},&quot;link_to&quot;:&quot;file&quot;,&quot;aspect_ratio&quot;:&quot;3:2&quot;,&quot;overlay_background&quot;:&quot;yes&quot;,&quot;content_hover_animation&quot;:&quot;fade-in&quot;}\" data-widget_type=\"gallery.default\">\n\t\t\t\t<div class=\"elementor-widget-container\">\n\t\t\t\t\t\t\t<div class=\"elementor-gallery__container\">\n\t\t\t\t\t\t\t<a class=\"e-gallery-item elementor-gallery-item elementor-animated-content\" href=\"https:\/\/centrecenit.com\/wp-content\/uploads\/2023\/06\/DSC4970-3.jpg\" data-elementor-open-lightbox=\"yes\" data-elementor-lightbox-slideshow=\"3b5e31f\" data-elementor-lightbox-title=\"INSTAL\u00b7LACIONS\" data-e-action-hash=\"#elementor-action%3Aaction%3Dlightbox%26settings%3DeyJpZCI6MTQxMywidXJsIjoiaHR0cHM6XC9cL2NlbnRyZWNlbml0LmNvbVwvd3AtY29udGVudFwvdXBsb2Fkc1wvMjAyM1wvMDZcL0RTQzQ5NzAtMy5qcGciLCJzbGlkZXNob3ciOiIzYjVlMzFmIn0%3D\">\n\t\t\t\t\t<div class=\"e-gallery-image elementor-gallery-item__image\" data-thumbnail=\"https:\/\/centrecenit.com\/wp-content\/uploads\/elementor\/thumbs\/DSC4970-3-q87599h7jnxlc5slwoas0gn67krvb87svgy1i7fdoi.jpg\" data-width=\"500\" data-height=\"\" aria-label=\"Sala amb bicicletes est\u00e0tiques\" role=\"img\" ><\/div>\n\t\t\t\t\t\t\t\t\t\t\t<div class=\"elementor-gallery-item__overlay\"><\/div>\n\t\t\t\t\t\t\t\t\t\t\t\t\t\t<\/a>\n\t\t\t\t\t\t\t<a class=\"e-gallery-item elementor-gallery-item elementor-animated-content\" href=\"https:\/\/centrecenit.com\/wp-content\/uploads\/2023\/06\/DSC4914-3.jpg\" data-elementor-open-lightbox=\"yes\" data-elementor-lightbox-slideshow=\"3b5e31f\" data-elementor-lightbox-title=\"INSTAL\u00b7LACIONS\" data-e-action-hash=\"#elementor-action%3Aaction%3Dlightbox%26settings%3DeyJpZCI6MTQxNiwidXJsIjoiaHR0cHM6XC9cL2NlbnRyZWNlbml0LmNvbVwvd3AtY29udGVudFwvdXBsb2Fkc1wvMjAyM1wvMDZcL0RTQzQ5MTQtMy5qcGciLCJzbGlkZXNob3ciOiIzYjVlMzFmIn0%3D\">\n\t\t\t\t\t<div class=\"e-gallery-image elementor-gallery-item__image\" data-thumbnail=\"https:\/\/centrecenit.com\/wp-content\/uploads\/elementor\/thumbs\/DSC4914-3-q86rpeauca2xe8g3paipd2nemzej6qf7grahf0sh6q.jpg\" data-width=\"500\" data-height=\"\" aria-label=\"Sala amb equipament de peses\" role=\"img\" ><\/div>\n\t\t\t\t\t\t\t\t\t\t\t<div class=\"elementor-gallery-item__overlay\"><\/div>\n\t\t\t\t\t\t\t\t\t\t\t\t\t\t<\/a>\n\t\t\t\t\t\t\t<a class=\"e-gallery-item elementor-gallery-item elementor-animated-content\" href=\"https:\/\/centrecenit.com\/wp-content\/uploads\/2023\/06\/DSC5054.jpg\" data-elementor-open-lightbox=\"yes\" data-elementor-lightbox-slideshow=\"3b5e31f\" data-elementor-lightbox-title=\"INSTAL\u00b7LACIONS\" data-e-action-hash=\"#elementor-action%3Aaction%3Dlightbox%26settings%3DeyJpZCI6MTQwNywidXJsIjoiaHR0cHM6XC9cL2NlbnRyZWNlbml0LmNvbVwvd3AtY29udGVudFwvdXBsb2Fkc1wvMjAyM1wvMDZcL0RTQzUwNTQuanBnIiwic2xpZGVzaG93IjoiM2I1ZTMxZiJ9\">\n\t\t\t\t\t<div class=\"e-gallery-image elementor-gallery-item__image\" data-thumbnail=\"https:\/\/centrecenit.com\/wp-content\/uploads\/elementor\/thumbs\/DSC5054-q86rp7pz0ftx4ypnrpobdmb6haayoup33uq32328ea.jpg\" data-width=\"500\" data-height=\"\" aria-label=\"Sala de massatges\" role=\"img\" ><\/div>\n\t\t\t\t\t\t\t\t\t\t\t<div class=\"elementor-gallery-item__overlay\"><\/div>\n\t\t\t\t\t\t\t\t\t\t\t\t\t\t<\/a>\n\t\t\t\t\t\t\t<a class=\"e-gallery-item elementor-gallery-item elementor-animated-content\" href=\"https:\/\/centrecenit.com\/wp-content\/uploads\/2023\/06\/DSC4879.jpg\" data-elementor-open-lightbox=\"yes\" data-elementor-lightbox-slideshow=\"3b5e31f\" data-elementor-lightbox-title=\"INSTAL\u00b7LACIONS\" data-e-action-hash=\"#elementor-action%3Aaction%3Dlightbox%26settings%3DeyJpZCI6MTQxOSwidXJsIjoiaHR0cHM6XC9cL2NlbnRyZWNlbml0LmNvbVwvd3AtY29udGVudFwvdXBsb2Fkc1wvMjAyM1wvMDZcL0RTQzQ4NzkuanBnIiwic2xpZGVzaG93IjoiM2I1ZTMxZiJ9\">\n\t\t\t\t\t<div class=\"e-gallery-image elementor-gallery-item__image\" data-thumbnail=\"https:\/\/centrecenit.com\/wp-content\/uploads\/elementor\/thumbs\/DSC4879-q8759xx0hcv1q0t3xyv2tah5nlfevcwtmtwnzef56q.jpg\" data-width=\"500\" data-height=\"\" aria-label=\"Sala amb peses i m\u00e0quines de gimn\u00e0s\" role=\"img\" ><\/div>\n\t\t\t\t\t\t\t\t\t\t\t<div class=\"elementor-gallery-item__overlay\"><\/div>\n\t\t\t\t\t\t\t\t\t\t\t\t\t\t<\/a>\n\t\t\t\t\t\t\t<a class=\"e-gallery-item elementor-gallery-item elementor-animated-content\" href=\"https:\/\/centrecenit.com\/wp-content\/uploads\/2023\/06\/DSC5024-2.jpg\" data-elementor-open-lightbox=\"yes\" data-elementor-lightbox-slideshow=\"3b5e31f\" data-elementor-lightbox-title=\"INSTAL\u00b7LACIONS\" data-e-action-hash=\"#elementor-action%3Aaction%3Dlightbox%26settings%3DeyJpZCI6MTQyNSwidXJsIjoiaHR0cHM6XC9cL2NlbnRyZWNlbml0LmNvbVwvd3AtY29udGVudFwvdXBsb2Fkc1wvMjAyM1wvMDZcL0RTQzUwMjQtMi5qcGciLCJzbGlkZXNob3ciOiIzYjVlMzFmIn0%3D\">\n\t\t\t\t\t<div class=\"e-gallery-image elementor-gallery-item__image\" data-thumbnail=\"https:\/\/centrecenit.com\/wp-content\/uploads\/elementor\/thumbs\/DSC5024-2-q86rq5k5uh48qxcia4avvdrrv5o6dyff8i7kc1o26a.jpg\" data-width=\"500\" data-height=\"\" aria-label=\"Cinta de c\u00f3rrer\" role=\"img\" ><\/div>\n\t\t\t\t\t\t\t\t\t\t\t<div class=\"elementor-gallery-item__overlay\"><\/div>\n\t\t\t\t\t\t\t\t\t\t\t\t\t\t<\/a>\n\t\t\t\t\t\t\t<a class=\"e-gallery-item elementor-gallery-item elementor-animated-content\" href=\"https:\/\/centrecenit.com\/wp-content\/uploads\/2023\/06\/DSC4836-Edit.jpg\" data-elementor-open-lightbox=\"yes\" data-elementor-lightbox-slideshow=\"3b5e31f\" data-elementor-lightbox-title=\"INSTAL\u00b7LACIONS\" data-e-action-hash=\"#elementor-action%3Aaction%3Dlightbox%26settings%3DeyJpZCI6MTQzNywidXJsIjoiaHR0cHM6XC9cL2NlbnRyZWNlbml0LmNvbVwvd3AtY29udGVudFwvdXBsb2Fkc1wvMjAyM1wvMDZcL0RTQzQ4MzYtRWRpdC5qcGciLCJzbGlkZXNob3ciOiIzYjVlMzFmIn0%3D\">\n\t\t\t\t\t<div class=\"e-gallery-image elementor-gallery-item__image\" data-thumbnail=\"https:\/\/centrecenit.com\/wp-content\/uploads\/elementor\/thumbs\/DSC4836-Edit-q86rvnw3winqsncf4015zhq17gimi3asbrv0lfhzja.jpg\" data-width=\"500\" data-height=\"\" aria-label=\"Sala de fisioter\u00e0pia\" role=\"img\" ><\/div>\n\t\t\t\t\t\t\t\t\t\t\t<div class=\"elementor-gallery-item__overlay\"><\/div>\n\t\t\t\t\t\t\t\t\t\t\t\t\t\t<\/a>\n\t\t\t\t\t\t\t<a class=\"e-gallery-item elementor-gallery-item elementor-animated-content\" href=\"https:\/\/centrecenit.com\/wp-content\/uploads\/2023\/06\/DSC4882-2.jpg\" data-elementor-open-lightbox=\"yes\" data-elementor-lightbox-slideshow=\"3b5e31f\" data-elementor-lightbox-title=\"INSTAL\u00b7LACIONS\" data-e-action-hash=\"#elementor-action%3Aaction%3Dlightbox%26settings%3DeyJpZCI6MTQyOCwidXJsIjoiaHR0cHM6XC9cL2NlbnRyZWNlbml0LmNvbVwvd3AtY29udGVudFwvdXBsb2Fkc1wvMjAyM1wvMDZcL0RTQzQ4ODItMi5qcGciLCJzbGlkZXNob3ciOiIzYjVlMzFmIn0%3D\">\n\t\t\t\t\t<div class=\"e-gallery-image elementor-gallery-item__image\" data-thumbnail=\"https:\/\/centrecenit.com\/wp-content\/uploads\/elementor\/thumbs\/DSC4882-2-q86rstfp7krhn5h8q9qtxpksggjm7301lor3a9pwjm.jpg\" data-width=\"500\" data-height=\"\" aria-label=\"Peses\" role=\"img\" ><\/div>\n\t\t\t\t\t\t\t\t\t\t\t<div class=\"elementor-gallery-item__overlay\"><\/div>\n\t\t\t\t\t\t\t\t\t\t\t\t\t\t<\/a>\n\t\t\t\t\t\t\t<a class=\"e-gallery-item elementor-gallery-item elementor-animated-content\" href=\"https:\/\/centrecenit.com\/wp-content\/uploads\/2023\/06\/DSC4896-2.jpg\" data-elementor-open-lightbox=\"yes\" data-elementor-lightbox-slideshow=\"3b5e31f\" data-elementor-lightbox-title=\"INSTAL\u00b7LACIONS\" data-e-action-hash=\"#elementor-action%3Aaction%3Dlightbox%26settings%3DeyJpZCI6MTQzMSwidXJsIjoiaHR0cHM6XC9cL2NlbnRyZWNlbml0LmNvbVwvd3AtY29udGVudFwvdXBsb2Fkc1wvMjAyM1wvMDZcL0RTQzQ4OTYtMi5qcGciLCJzbGlkZXNob3ciOiIzYjVlMzFmIn0%3D\">\n\t\t\t\t\t<div class=\"e-gallery-image elementor-gallery-item__image\" data-thumbnail=\"https:\/\/centrecenit.com\/wp-content\/uploads\/elementor\/thumbs\/DSC4896-2-q875b39wu2fnwv518gqnv01fsjrka1h0gim13kptky.jpg\" data-width=\"500\" data-height=\"\" aria-label=\"Sala amb equipament esportiu\" role=\"img\" ><\/div>\n\t\t\t\t\t\t\t\t\t\t\t<div class=\"elementor-gallery-item__overlay\"><\/div>\n\t\t\t\t\t\t\t\t\t\t\t\t\t\t<\/a>\n\t\t\t\t\t\t\t<a class=\"e-gallery-item elementor-gallery-item elementor-animated-content\" href=\"https:\/\/centrecenit.com\/wp-content\/uploads\/2023\/06\/DSC4835.jpg\" data-elementor-open-lightbox=\"yes\" data-elementor-lightbox-slideshow=\"3b5e31f\" data-elementor-lightbox-title=\"INSTAL\u00b7LACIONS\" data-e-action-hash=\"#elementor-action%3Aaction%3Dlightbox%26settings%3DeyJpZCI6MTQzNCwidXJsIjoiaHR0cHM6XC9cL2NlbnRyZWNlbml0LmNvbVwvd3AtY29udGVudFwvdXBsb2Fkc1wvMjAyM1wvMDZcL0RTQzQ4MzUuanBnIiwic2xpZGVzaG93IjoiM2I1ZTMxZiJ9\">\n\t\t\t\t\t<div class=\"e-gallery-image elementor-gallery-item__image\" data-thumbnail=\"https:\/\/centrecenit.com\/wp-content\/uploads\/elementor\/thumbs\/DSC4835-q86rvl2lc0jvttgikgtaa0fnfawiuzzlbdwk5lm682.jpg\" data-width=\"500\" data-height=\"\" aria-label=\"Sala de fisioter\u00e0pia\" role=\"img\" ><\/div>\n\t\t\t\t\t\t\t\t\t\t\t<div class=\"elementor-gallery-item__overlay\"><\/div>\n\t\t\t\t\t\t\t\t\t\t\t\t\t\t<\/a>\n\t\t\t\t\t\t\t<a class=\"e-gallery-item elementor-gallery-item elementor-animated-content\" href=\"https:\/\/centrecenit.com\/wp-content\/uploads\/2023\/06\/DSC4574.jpg\" data-elementor-open-lightbox=\"yes\" data-elementor-lightbox-slideshow=\"3b5e31f\" data-elementor-lightbox-title=\"INSTAL\u00b7LACIONS\" data-e-action-hash=\"#elementor-action%3Aaction%3Dlightbox%26settings%3DeyJpZCI6MTQ0MCwidXJsIjoiaHR0cHM6XC9cL2NlbnRyZWNlbml0LmNvbVwvd3AtY29udGVudFwvdXBsb2Fkc1wvMjAyM1wvMDZcL0RTQzQ1NzQuanBnIiwic2xpZGVzaG93IjoiM2I1ZTMxZiJ9\">\n\t\t\t\t\t<div class=\"e-gallery-image elementor-gallery-item__image\" data-thumbnail=\"https:\/\/centrecenit.com\/wp-content\/uploads\/elementor\/thumbs\/DSC4574-q875f5wqg80e8181g84gnz1cgnotmtn50odryqoema.jpg\" data-width=\"500\" data-height=\"\" aria-label=\"Sala gran amb equipament esportiu\" role=\"img\" ><\/div>\n\t\t\t\t\t\t\t\t\t\t\t<div class=\"elementor-gallery-item__overlay\"><\/div>\n\t\t\t\t\t\t\t\t\t\t\t\t\t\t<\/a>\n\t\t\t\t\t\t\t<a class=\"e-gallery-item elementor-gallery-item elementor-animated-content\" href=\"https:\/\/centrecenit.com\/wp-content\/uploads\/2023\/06\/DSC4390.jpg\" data-elementor-open-lightbox=\"yes\" data-elementor-lightbox-slideshow=\"3b5e31f\" data-elementor-lightbox-title=\"INSTAL\u00b7LACIONS\" data-e-action-hash=\"#elementor-action%3Aaction%3Dlightbox%26settings%3DeyJpZCI6MTQ0OSwidXJsIjoiaHR0cHM6XC9cL2NlbnRyZWNlbml0LmNvbVwvd3AtY29udGVudFwvdXBsb2Fkc1wvMjAyM1wvMDZcL0RTQzQzOTAuanBnIiwic2xpZGVzaG93IjoiM2I1ZTMxZiJ9\">\n\t\t\t\t\t<div class=\"e-gallery-image elementor-gallery-item__image\" data-thumbnail=\"https:\/\/centrecenit.com\/wp-content\/uploads\/elementor\/thumbs\/DSC4390-q875g8g48fh5g1o276s607b8tgeveew4tz4on339j6.jpg\" data-width=\"500\" data-height=\"\" aria-label=\"Gimn\u00e0s\" role=\"img\" ><\/div>\n\t\t\t\t\t\t\t\t\t\t\t<div class=\"elementor-gallery-item__overlay\"><\/div>\n\t\t\t\t\t\t\t\t\t\t\t\t\t\t<\/a>\n\t\t\t\t\t\t\t<a class=\"e-gallery-item elementor-gallery-item elementor-animated-content\" href=\"https:\/\/centrecenit.com\/wp-content\/uploads\/2023\/06\/DSC4551.jpg\" data-elementor-open-lightbox=\"yes\" data-elementor-lightbox-slideshow=\"3b5e31f\" data-elementor-lightbox-title=\"INSTAL\u00b7LACIONS\" data-e-action-hash=\"#elementor-action%3Aaction%3Dlightbox%26settings%3DeyJpZCI6MTQ0MywidXJsIjoiaHR0cHM6XC9cL2NlbnRyZWNlbml0LmNvbVwvd3AtY29udGVudFwvdXBsb2Fkc1wvMjAyM1wvMDZcL0RTQzQ1NTEuanBnIiwic2xpZGVzaG93IjoiM2I1ZTMxZiJ9\">\n\t\t\t\t\t<div class=\"e-gallery-image elementor-gallery-item__image\" data-thumbnail=\"https:\/\/centrecenit.com\/wp-content\/uploads\/elementor\/thumbs\/DSC4551-q875fnro22oucmi3jxudhcj3qz8sp2m1f4s02zxxc2.jpg\" data-width=\"500\" data-height=\"\" aria-label=\"Bicicletes est\u00e0tiques\" role=\"img\" ><\/div>\n\t\t\t\t\t\t\t\t\t\t\t<div class=\"elementor-gallery-item__overlay\"><\/div>\n\t\t\t\t\t\t\t\t\t\t\t\t\t\t<\/a>\n\t\t\t\t\t<\/div>\n\t\t\t\t\t<\/div>\n\t\t\t\t<\/div>\n\t\t\t\t\t<\/div>\n\t\t<\/div>\n\t\t\t\t\t<\/div>\n\t\t<\/section>\n\t\t\t\t<\/div>\n\t\t","protected":false},"excerpt":{"rendered":"<p>INSTALLATIONS CENIT GIRONA is a sports performance and comprehensive health center founded by Mart\u00ed Castell\u00f3 and directed by Sebasti\u00e1n Fidalgo. Our main objective is to provide advice and study on health and sports from a global and personalized perspective ; providing a direct response to the specific needs (physiological, nutritional, training, etc.) of each person. [&hellip;]<\/p>\n","protected":false},"author":1,"featured_media":0,"parent":0,"menu_order":0,"comment_status":"closed","ping_status":"closed","template":"elementor_header_footer","meta":{"footnotes":""},"class_list":["post-2044","page","type-page","status-publish","hentry"],"yoast_head":"<!-- This site is optimized with the Yoast SEO plugin v25.2 - https:\/\/yoast.com\/wordpress\/plugins\/seo\/ -->\n<title>Facilities - Centre Cenit<\/title>\n<meta name=\"robots\" content=\"index, follow, max-snippet:-1, max-image-preview:large, max-video-preview:-1\" \/>\n<link rel=\"canonical\" href=\"https:\/\/centrecenit.com\/en\/facilities\/\" \/>\n<meta property=\"og:locale\" content=\"en_US\" \/>\n<meta property=\"og:type\" content=\"article\" \/>\n<meta property=\"og:title\" content=\"Facilities - Centre Cenit\" \/>\n<meta property=\"og:description\" content=\"INSTALLATIONS CENIT GIRONA is a sports performance and comprehensive health center founded by Mart\u00ed Castell\u00f3 and directed by Sebasti\u00e1n Fidalgo. Our main objective is to provide advice and study on health and sports from a global and personalized perspective ; providing a direct response to the specific needs (physiological, nutritional, training, etc.) of each person. [&hellip;]\" \/>\n<meta property=\"og:url\" content=\"https:\/\/centrecenit.com\/en\/facilities\/\" \/>\n<meta property=\"og:site_name\" content=\"Centre Cenit\" \/>\n<meta property=\"article:modified_time\" content=\"2025-06-10T10:04:29+00:00\" \/>\n<meta name=\"twitter:card\" content=\"summary_large_image\" \/>\n<script type=\"application\/ld+json\" class=\"yoast-schema-graph\">{\"@context\":\"https:\/\/schema.org\",\"@graph\":[{\"@type\":\"WebPage\",\"@id\":\"https:\/\/centrecenit.com\/en\/facilities\/\",\"url\":\"https:\/\/centrecenit.com\/en\/facilities\/\",\"name\":\"Facilities - Centre Cenit\",\"isPartOf\":{\"@id\":\"https:\/\/centrecenit.com\/en\/#website\"},\"datePublished\":\"2025-04-23T07:25:41+00:00\",\"dateModified\":\"2025-06-10T10:04:29+00:00\",\"breadcrumb\":{\"@id\":\"https:\/\/centrecenit.com\/en\/facilities\/#breadcrumb\"},\"inLanguage\":\"en-US\",\"potentialAction\":[{\"@type\":\"ReadAction\",\"target\":[\"https:\/\/centrecenit.com\/en\/facilities\/\"]}]},{\"@type\":\"BreadcrumbList\",\"@id\":\"https:\/\/centrecenit.com\/en\/facilities\/#breadcrumb\",\"itemListElement\":[{\"@type\":\"ListItem\",\"position\":1,\"name\":\"Inici\",\"item\":\"https:\/\/centrecenit.com\/en\/centre-cenit\/\"},{\"@type\":\"ListItem\",\"position\":2,\"name\":\"Facilities\"}]},{\"@type\":\"WebSite\",\"@id\":\"https:\/\/centrecenit.com\/en\/#website\",\"url\":\"https:\/\/centrecenit.com\/en\/\",\"name\":\"Centre Cenit. Atenci\u00f3 integral de l'esport i la salut\",\"description\":\"Comprehensive health and sports care\",\"publisher\":{\"@id\":\"https:\/\/centrecenit.com\/en\/#organization\"},\"potentialAction\":[{\"@type\":\"SearchAction\",\"target\":{\"@type\":\"EntryPoint\",\"urlTemplate\":\"https:\/\/centrecenit.com\/en\/?s={search_term_string}\"},\"query-input\":{\"@type\":\"PropertyValueSpecification\",\"valueRequired\":true,\"valueName\":\"search_term_string\"}}],\"inLanguage\":\"en-US\"},{\"@type\":\"Organization\",\"@id\":\"https:\/\/centrecenit.com\/en\/#organization\",\"name\":\"Centre Cenit. Atenci\u00f3 integral de l'esport i la salut\",\"url\":\"https:\/\/centrecenit.com\/en\/\",\"logo\":{\"@type\":\"ImageObject\",\"inLanguage\":\"en-US\",\"@id\":\"https:\/\/centrecenit.com\/en\/#\/schema\/logo\/image\/\",\"url\":\"https:\/\/centrecenit.com\/wp-content\/uploads\/2023\/02\/centre-cenit-favicon.png\",\"contentUrl\":\"https:\/\/centrecenit.com\/wp-content\/uploads\/2023\/02\/centre-cenit-favicon.png\",\"width\":721,\"height\":721,\"caption\":\"Centre Cenit. Atenci\u00f3 integral de l'esport i la salut\"},\"image\":{\"@id\":\"https:\/\/centrecenit.com\/en\/#\/schema\/logo\/image\/\"},\"sameAs\":[\"https:\/\/www.instagram.com\/centrecenit\/?hl=es\"]}]}<\/script>\n<!-- \/ Yoast SEO plugin. -->","yoast_head_json":{"title":"Facilities - Centre Cenit","robots":{"index":"index","follow":"follow","max-snippet":"max-snippet:-1","max-image-preview":"max-image-preview:large","max-video-preview":"max-video-preview:-1"},"canonical":"https:\/\/centrecenit.com\/en\/facilities\/","og_locale":"en_US","og_type":"article","og_title":"Facilities - Centre Cenit","og_description":"INSTALLATIONS CENIT GIRONA is a sports performance and comprehensive health center founded by Mart\u00ed Castell\u00f3 and directed by Sebasti\u00e1n Fidalgo. Our main objective is to provide advice and study on health and sports from a global and personalized perspective ; providing a direct response to the specific needs (physiological, nutritional, training, etc.) of each person. [&hellip;]","og_url":"https:\/\/centrecenit.com\/en\/facilities\/","og_site_name":"Centre Cenit","article_modified_time":"2025-06-10T10:04:29+00:00","twitter_card":"summary_large_image","schema":{"@context":"https:\/\/schema.org","@graph":[{"@type":"WebPage","@id":"https:\/\/centrecenit.com\/en\/facilities\/","url":"https:\/\/centrecenit.com\/en\/facilities\/","name":"Facilities - Centre Cenit","isPartOf":{"@id":"https:\/\/centrecenit.com\/en\/#website"},"datePublished":"2025-04-23T07:25:41+00:00","dateModified":"2025-06-10T10:04:29+00:00","breadcrumb":{"@id":"https:\/\/centrecenit.com\/en\/facilities\/#breadcrumb"},"inLanguage":"en-US","potentialAction":[{"@type":"ReadAction","target":["https:\/\/centrecenit.com\/en\/facilities\/"]}]},{"@type":"BreadcrumbList","@id":"https:\/\/centrecenit.com\/en\/facilities\/#breadcrumb","itemListElement":[{"@type":"ListItem","position":1,"name":"Inici","item":"https:\/\/centrecenit.com\/en\/centre-cenit\/"},{"@type":"ListItem","position":2,"name":"Facilities"}]},{"@type":"WebSite","@id":"https:\/\/centrecenit.com\/en\/#website","url":"https:\/\/centrecenit.com\/en\/","name":"Centre Cenit. Atenci\u00f3 integral de l'esport i la salut","description":"Comprehensive health and sports care","publisher":{"@id":"https:\/\/centrecenit.com\/en\/#organization"},"potentialAction":[{"@type":"SearchAction","target":{"@type":"EntryPoint","urlTemplate":"https:\/\/centrecenit.com\/en\/?s={search_term_string}"},"query-input":{"@type":"PropertyValueSpecification","valueRequired":true,"valueName":"search_term_string"}}],"inLanguage":"en-US"},{"@type":"Organization","@id":"https:\/\/centrecenit.com\/en\/#organization","name":"Centre Cenit. Atenci\u00f3 integral de l'esport i la salut","url":"https:\/\/centrecenit.com\/en\/","logo":{"@type":"ImageObject","inLanguage":"en-US","@id":"https:\/\/centrecenit.com\/en\/#\/schema\/logo\/image\/","url":"https:\/\/centrecenit.com\/wp-content\/uploads\/2023\/02\/centre-cenit-favicon.png","contentUrl":"https:\/\/centrecenit.com\/wp-content\/uploads\/2023\/02\/centre-cenit-favicon.png","width":721,"height":721,"caption":"Centre Cenit. Atenci\u00f3 integral de l'esport i la salut"},"image":{"@id":"https:\/\/centrecenit.com\/en\/#\/schema\/logo\/image\/"},"sameAs":["https:\/\/www.instagram.com\/centrecenit\/?hl=es"]}]}},"_links":{"self":[{"href":"https:\/\/centrecenit.com\/en\/wp-json\/wp\/v2\/pages\/2044","targetHints":{"allow":["GET"]}}],"collection":[{"href":"https:\/\/centrecenit.com\/en\/wp-json\/wp\/v2\/pages"}],"about":[{"href":"https:\/\/centrecenit.com\/en\/wp-json\/wp\/v2\/types\/page"}],"author":[{"embeddable":true,"href":"https:\/\/centrecenit.com\/en\/wp-json\/wp\/v2\/users\/1"}],"replies":[{"embeddable":true,"href":"https:\/\/centrecenit.com\/en\/wp-json\/wp\/v2\/comments?post=2044"}],"version-history":[{"count":1,"href":"https:\/\/centrecenit.com\/en\/wp-json\/wp\/v2\/pages\/2044\/revisions"}],"predecessor-version":[{"id":2048,"href":"https:\/\/centrecenit.com\/en\/wp-json\/wp\/v2\/pages\/2044\/revisions\/2048"}],"wp:attachment":[{"href":"https:\/\/centrecenit.com\/en\/wp-json\/wp\/v2\/media?parent=2044"}],"curies":[{"name":"wp","href":"https:\/\/api.w.org\/{rel}","templated":true}]}}